{"id":1038,"date":"2016-06-18T11:40:32","date_gmt":"2016-06-18T09:40:32","guid":{"rendered":"http:\/\/pzs.si\/ktk\/wpstkp\/?page_id=1038"},"modified":"2024-04-05T14:24:16","modified_gmt":"2024-04-05T12:24:16","slug":"ktk-pzs","status":"publish","type":"page","link":"https:\/\/stkp.pzs.si\/en\/ktk-pzs\/","title":{"rendered":"Komisija za turno kolesarstvo"},"content":{"rendered":"<p><strong>Planinska zveza Slovenije<\/strong><br \/>\n<strong>Komisija za turno kolesarstvo<\/strong><br \/>\np.p. 214, 1001 Ljubljana<\/p>\n<p>turno.kolesarstvo@pzs.si<\/p>\n<p>http:\/\/ktk.pzs.si<\/p>\n<p><strong>ALPINE ASSOCIATION OF SLOVENIA<\/strong><br \/>\n<strong>Mountain Bike Commission AAS<\/strong><br \/>\np.p. 214, 1001 Ljubljana<\/p>\n<p>turno.kolesarstvo@pzs.si<\/p>\n<p>http:\/\/en.pzs.si\/komisije.php?pid=5<\/p>\n<p><a href=\"http:\/\/pzs.si\/novice.php?pid=11052\"><strong>Utrinki in poro\u010dilo z uradne otvoritve STKP, 18.06.2016, ve\u010d &gt;&gt;<\/strong><\/a><\/p>\n<p><a href=\"http:\/\/www.pzs.si\/novice.php?pid=10895\">Uradna otvoritev, 18.06.2016, ve\u010d &gt;&gt;<\/a><\/p>\n<p><strong>Objave v medijih:<\/strong><\/p>\n<ul>\n<li><a href=\"http:\/\/www.rtvslo.si\/tureavanture\/novice\/krozna-kolesarska-pot-ki-obide-vse-pomembnejse-slovenske-gorske-skupine\/395739\">Kro\u017ena kolesarska pot, ki obide vse pomembnej\u0161e slovenske gorske skupine, www.rtvslo.si, 15.06.2016<\/a><\/li>\n<li><a href=\"http:\/\/www.delo.si\/prosti-cas\/potovanja\/prihaja-izziv-za-planince-na-kolesu.html\">Izziv za planince na kolesu, www.delo.si, 15.06.2016<\/a><\/li>\n<li><a href=\"http:\/\/www.mtb.si\/novice\/3484-slovenska-turnokolesarska-pot-uradno-od-18-junija.html\">Slovenska turnokolesarska pot uradno od 18. junija<\/a>, www.mtb.si, 11.06.2016<\/li>\n<li><a href=\"http:\/\/audio.ognjisce.si\/oddaje\/Dozivetja_narave\/2016\">Jo\u017ee Rovan, STKP, Radio Ognji\u0161\u010de, 10.06.2016<\/a><\/li>\n<\/ul>\n<p><strong>Spremembe na strani:<\/strong><\/p>\n<ul>\n<li>21.12.2023: Posodobljene so bile lokacije in informacije o \u017eigih<\/li>\n<li>18.06.2016: Omogo\u010den je prenos GPX datotek VSEH 41 etap STKP za uporabo na GPS napravah\/ pametnih telefonih<\/li>\n<li>18.06.2016: dodane so vse etape &#8211; zemljevidi poti<\/li>\n<li>dodani so nekateri opisi etap, fotografije<\/li>\n<li>pri nastajanju vodnika aktivno sodeluje 15 skrbnikov etap<\/li>\n<\/ul>\n<p><a href=\"http:\/\/www.pzs.si\/novice.php?pid=10895\"><strong>The official opening, 18th june 2016, &gt;&gt;<\/strong><\/a><\/p>\n","protected":false},"excerpt":{"rendered":"<p>Planinska zveza Slovenije Komisija za turno kolesarstvo p.p. 214, 1001 Ljubljana turno.kolesarstvo@pzs.si http:\/\/ktk.pzs.si ALPINE ASSOCIATION OF SLOVENIA Mountain Bike Commission AAS p.p. 214, 1001 Ljubljana turno.kolesarstvo@pzs.si http:\/\/en.pzs.si\/komisije.php?pid=5 Utrinki in poro\u010dilo z uradne otvoritve STKP, 18.06.2016, ve\u010d &gt;&gt; Uradna otvoritev, 18.06.2016,<span class=\"ellipsis\">&hellip;<\/span><\/p>\n<div class=\"read-more\"><a href=\"https:\/\/stkp.pzs.si\/en\/ktk-pzs\/\">Read more <span class=\"screen-reader-text\">Komisija za turno kolesarstvo<\/span><span class=\"meta-nav\"> &#8250;<\/span><\/a><\/div>\n<p><!-- end of .read-more --><\/p>\n","protected":false},"author":1,"featured_media":0,"parent":0,"menu_order":3,"comment_status":"closed","ping_status":"closed","template":"page-templates\/full-width-page.php","meta":{"_monsterinsights_skip_tracking":false,"_monsterinsights_sitenote_active":false,"_monsterinsights_sitenote_note":"","_monsterinsights_sitenote_category":0},"categories":[],"tags":[],"_links":{"self":[{"href":"https:\/\/stkp.pzs.si\/en\/wp-json\/wp\/v2\/pages\/1038"}],"collection":[{"href":"https:\/\/stkp.pzs.si\/en\/wp-json\/wp\/v2\/pages"}],"about":[{"href":"https:\/\/stkp.pzs.si\/en\/wp-json\/wp\/v2\/types\/page"}],"author":[{"embeddable":true,"href":"https:\/\/stkp.pzs.si\/en\/wp-json\/wp\/v2\/users\/1"}],"replies":[{"embeddable":true,"href":"https:\/\/stkp.pzs.si\/en\/wp-json\/wp\/v2\/comments?post=1038"}],"version-history":[{"count":8,"href":"https:\/\/stkp.pzs.si\/en\/wp-json\/wp\/v2\/pages\/1038\/revisions"}],"predecessor-version":[{"id":2889,"href":"https:\/\/stkp.pzs.si\/en\/wp-json\/wp\/v2\/pages\/1038\/revisions\/2889"}],"wp:attachment":[{"href":"https:\/\/stkp.pzs.si\/en\/wp-json\/wp\/v2\/media?parent=1038"}],"wp:term":[{"taxonomy":"category","embeddable":true,"href":"https:\/\/stkp.pzs.si\/en\/wp-json\/wp\/v2\/categories?post=1038"},{"taxonomy":"post_tag","embeddable":true,"href":"https:\/\/stkp.pzs.si\/en\/wp-json\/wp\/v2\/tags?post=1038"}],"curies":[{"name":"wp","href":"https:\/\/api.w.org\/{rel}","templated":true}]}}